{"id":239,"date":"2021-02-09T18:34:13","date_gmt":"2021-02-09T17:34:13","guid":{"rendered":"https:\/\/naturessentielle.org\/?page_id=239"},"modified":"2021-02-09T18:47:17","modified_gmt":"2021-02-09T17:47:17","slug":"politique-de-cookies","status":"publish","type":"page","link":"https:\/\/christinehenrion.fr\/index.php\/politique-de-cookies\/","title":{"rendered":"Politique de cookies"},"content":{"rendered":"<p>Politique de cookies<\/p>\n<p>&nbsp;<\/p>\n<p>Le Site utilise des cookies. Lors de la consultation du Site, des cookies sont d\u00e9pos\u00e9s sur votre ordinateur, votre tablette ou votre smartphone. Les informations ci-dessous visent \u00e0 permettre \u00e0 l\u2019Utilisateur de mieux comprendre comment fonctionnent les cookies et o\u00f9 trouver les outils permettant de les param\u00e9trer.<\/p>\n<p><u>Un cookie, c\u2019est quoi<\/u> ?<\/p>\n<p>L\u2019utilisation des cookies est courante sur Internet. C\u2019est un petit fichier texte contenant des informations, qui est enregistr\u00e9 sur le disque dur de votre terminal (ordinateur, tablette ou smartphone) \u00e0 l\u2019occasion de la consultation d\u2019un site Internet gr\u00e2ce \u00e0 votre logiciel de navigation. Il est transmis par le serveur d\u2019un site Internet \u00e0 votre navigateur. Le fichier cookie permet \u00e0 son \u00e9metteur d\u2019identifier le terminal dans lequel il est enregistr\u00e9 pendant la dur\u00e9e de validit\u00e9 ou d\u2019enregistrement du cookie concern\u00e9. Un cookie ne permet pas de remonter \u00e0 une personne physique.<\/p>\n<p><u>Pourquoi l\u2019utilisation des cookies sur le Site ?<\/u><\/p>\n<p>Le Site utilise 3 cat\u00e9gories de cookies dont les finalit\u00e9s sont d\u00e9crites ci-apr\u00e8s.<\/p>\n<ol>\n<li><strong>Les cookies de fonctionnalit\u00e9s<\/strong>:<\/li>\n<\/ol>\n<p>Ces cookies ne sont pas indispensables \u00e0 la navigation sur le site mais permettent d\u2019optimiser son fonctionnement et de permettre une navigation fluide et sur mesure. En l\u2019occurrence l\u2019\u00c9diteur utilise un seul cookie de ce type. Il s\u2019agit du cookie de session. Sa dur\u00e9e de vie est \u00e9gale au temps de la session de l\u2019Utilisateur. Ce temps est limit\u00e9 \u00e0 1 heure en cas d\u2019inactivit\u00e9 et au maximum, \u00e0 24 heures.<\/p>\n<p>&nbsp;<\/p>\n<ol start=\"2\">\n<li><strong>Les cookies de mesure d\u2019audience (statistiques)\u00a0<\/strong>:<\/li>\n<\/ol>\n<p>Ces cookies recueillent des informations sur la fa\u00e7on dont les visiteurs utilisent un site Web. Par exemple, le nombre de visites, les pages les plus visit\u00e9es\u2026 XiTi, l\u2019outil de mesure d\u2019audience et de statistiques utilis\u00e9 par le Site, g\u00e9n\u00e8re un cookie avec un identifiant unique, dont la dur\u00e9e de conservation est limit\u00e9e \u00e0 13 mois. XiTi collecte l\u2019adresse IP, afin d\u2019identifier la ville depuis laquelle l\u2019Utilisateur se connecte. Celle-ci est imm\u00e9diatement rendue anonyme apr\u00e8s utilisation. L\u2019\u00c9diteur ne peut donc en aucun cas remonter par ce biais \u00e0 une personne physique. Les donn\u00e9es statistiques obtenues ne sont pas c\u00e9d\u00e9es \u00e0 des tiers ni utilis\u00e9es \u00e0 d\u2019autres fins.<\/p>\n<p>&nbsp;<\/p>\n<ol start=\"3\">\n<li><strong>Les cookies de partage (liens sociaux)<\/strong>:<\/li>\n<\/ol>\n<p>Le site contient des liens de partage vers Facebook, Twitter et autres r\u00e9seaux sociaux similaires, qui vous permettent de partager des contenus du site avec d\u2019autres personnes. Lorsque l\u2019Utilisateur utilise ces boutons de partage, un cookie tiers est install\u00e9. Si l\u2019Utilisateur est connect\u00e9 au r\u00e9seau social lors de sa navigation sur le site, les boutons de partage permettent de relier les contenus consult\u00e9s au compte utilisateur.<\/p>\n<p><strong>Notre site internet n&rsquo;utilise pas de cookies publicitaires et n&rsquo;a pas pour vocation de les utiliser, mais nous souhaitons vous informer de leur existence<\/strong> :<\/p>\n<ol start=\"4\">\n<li><strong>Les cookies publicitaires<\/strong>:<\/li>\n<\/ol>\n<p>Ces cookies collectent des informations concernant vos habitudes en mati\u00e8re de navigation Internet afin de vous proposer des publicit\u00e9s qui vous sont adapt\u00e9es et correspondent \u00e0 vos centres d\u2019int\u00e9r\u00eat. Ils permettent \u00e9galement de limiter le nombre de fois que vous verrez une publicit\u00e9 et nous aident \u00e0 \u00e9valuer l\u2019efficacit\u00e9 de nos campagnes publicitaires. Ils sont en g\u00e9n\u00e9ral install\u00e9s par des r\u00e9seaux publicitaires avec l\u2019autorisation de l\u2019op\u00e9rateur du site Internet. Ils m\u00e9morisent les visites effectu\u00e9es sur un site et partagent ces informations avec d\u2019autres entreprises (des publicitaires par exemple). Les cookies cibl\u00e9s ou publicitaires sont souvent li\u00e9s aux fonctionnalit\u00e9s du site fournies par l\u2019entreprise partenaire. Les informations sont collect\u00e9es et partag\u00e9es avec des tiers pour proposer des ciblages d\u2019audience et des solutions d\u2019optimisation pour les annonceurs publicitaires et les \u00e9diteurs. Aucune donn\u00e9e personnelle n\u2019est recueillie et un individu ne peut \u00eatre identifi\u00e9 via les donn\u00e9es collect\u00e9es.<\/p>\n<p><u>Comment g\u00e9rer les cookies<\/u> ?<\/p>\n<p>Plusieurs possibilit\u00e9s sont offertes \u00e0 l\u2019Utilisateur pour g\u00e9rer les cookies. Toutefois, il est pr\u00e9cis\u00e9 que tout param\u00e9trage r\u00e9alis\u00e9 par l\u2019Utilisateur est susceptible de modifier la navigation sur Internet et les conditions d\u2019acc\u00e8s \u00e0 certains services n\u00e9cessitant l\u2019utilisation de cookies. L\u2019Utilisateur peut faire le choix \u00e0 tout moment d\u2019exprimer et de modifier ses souhaits en mati\u00e8re de cookies, par les moyens d\u00e9crits ci-dessous.<\/p>\n<ol>\n<li>Param\u00e9trage de votre navigateur\u00a0:<\/li>\n<\/ol>\n<p>Pour Chrome :<\/p>\n<p><a href=\"https:\/\/support.google.com\/chrome\/answer\/95647?hl=fr&amp;hlrm=en\u00a0\">https:\/\/support.google.com\/chrome\/answer\/95647?hl=fr&amp;hlrm=en\u00a0<\/a><\/p>\n<p>Pour Internet Explorer\u00a0:<\/p>\n<p><a href=\"http:\/\/windows.microsoft.com\/fr-FR\/windows-vista\/Block-or-allow-Cookies\u00a0\">http:\/\/windows.microsoft.com\/fr-FR\/windows-vista\/Block-or-allow-Cookies\u00a0<\/a><\/p>\n<p>Pour FireFox\u00a0:<\/p>\n<p><a href=\"http:\/\/support.mozilla.org\/fr\/kb\/cookies-informations-sites-enregistrent?redirectlocale=fr&amp;redirectslug=G%C3%A9rer+les+cookies\u00a0\">http:\/\/support.mozilla.org\/fr\/kb\/cookies-informations-sites-enregistrent?redirectlocale=fr&amp;redirectslug=G%C3%A9rer+les+cookies\u00a0<\/a><\/p>\n<p>Pour Op\u00e9ra\u00a0:<\/p>\n<p><a href=\"http:\/\/help.opera.com\/Windows\/10.20\/fr\/cookies.html\u00a0\">http:\/\/help.opera.com\/Windows\/10.20\/fr\/cookies.html\u00a0<\/a><\/p>\n<p>&nbsp;<\/p>\n<ol start=\"2\">\n<li>Les liens opt-out pour les cookies de mesure d\u2019audience (statistiques)\u00a0:<\/li>\n<\/ol>\n<p>Pour les cookies d\u00e9pos\u00e9s par Xiti (AT Internet)\u00a0:<\/p>\n<p><a href=\"http:\/\/www.xiti.com\/fr\/optout.aspx\u00a0\">http:\/\/www.xiti.com\/fr\/optout.aspx\u00a0<\/a><\/p>\n<p>&nbsp;<\/p>\n<ol start=\"3\">\n<li>Les cookies de partage (liens sociaux)\u00a0:<\/li>\n<\/ol>\n<p>Pour les cookies d\u00e9pos\u00e9s par Facebook\u00a0:<\/p>\n<p><a href=\"https:\/\/fr-fr.facebook.com\/help\/cookies\u00a0\">https:\/\/fr-fr.facebook.com\/help\/cookies\u00a0<\/a><\/p>\n<p>Pour les cookies d\u00e9pos\u00e9s par Tweeter\u00a0:<\/p>\n<p><a href=\"https:\/\/support.twitter.com\/articles\/20170518-utilisation-des-cookies-et-des-technologies-similaires-par-twitter\u00a0\">https:\/\/support.twitter.com\/articles\/20170518-utilisation-des-cookies-et-des-technologies-similaires-par-twitter\u00a0<\/a><\/p>\n<p>Vous avez la possibilit\u00e9 en tout temps de r\u00e9voquer votre choix concernant les cookies de notre site internet en cliquant sur l&rsquo;onglet en bas \u00e0 gauche \u00ab\u00a0politique de cookies\u00a0\u00bb.<\/p>\n<p><u>Plus d\u2019information sur les cookies<\/u><\/p>\n<p>Pour plus d\u2019information sur les cookies, l\u2019Utilisateur peut se rendre sur le site de la CNIL, \u00e0 cette adresse :\u00a0<a href=\"http:\/\/www.cnil.fr\/vos-droits\/vos-traces\/les-cookies\/\">http:\/\/www.cnil.fr\/vos-droits\/vos-traces\/les-cookies\/<\/a><\/p>\n","protected":false},"excerpt":{"rendered":"<p>Politique de cookies &nbsp; Le Site utilise des cookies. Lors de la consultation du Site, des cookies sont d\u00e9pos\u00e9s sur votre ordinateur, votre tablette ou votre smartphone. Les informations ci-dessous visent \u00e0 permettre \u00e0 l\u2019Utilisateur de mieux comprendre comment fonctionnent les cookies et o\u00f9 trouver les outils permettant de les param\u00e9trer. Un cookie, c\u2019est quoi <a class=\"read-more\" href=\"https:\/\/christinehenrion.fr\/index.php\/politique-de-cookies\/\">READ MORE<\/a><\/p>\n","protected":false},"author":1,"featured_media":0,"parent":0,"menu_order":0,"comment_status":"closed","ping_status":"closed","template":"","meta":[],"yoast_head":"<!-- This site is optimized with the Yoast SEO plugin v16.3 - https:\/\/yoast.com\/wordpress\/plugins\/seo\/ -->\n<title>Politique de cookies -<\/title>\n<meta name=\"robots\" content=\"index, follow, max-snippet:-1, max-image-preview:large, max-video-preview:-1\" \/>\n<link rel=\"canonical\" href=\"https:\/\/christinehenrion.fr\/index.php\/politique-de-cookies\/\" \/>\n<meta property=\"og:locale\" content=\"fr_FR\" \/>\n<meta property=\"og:type\" content=\"article\" \/>\n<meta property=\"og:title\" content=\"Politique de cookies -\" \/>\n<meta property=\"og:description\" content=\"Politique de cookies &nbsp; Le Site utilise des cookies. Lors de la consultation du Site, des cookies sont d\u00e9pos\u00e9s sur votre ordinateur, votre tablette ou votre smartphone. Les informations ci-dessous visent \u00e0 permettre \u00e0 l\u2019Utilisateur de mieux comprendre comment fonctionnent les cookies et o\u00f9 trouver les outils permettant de les param\u00e9trer. Un cookie, c\u2019est quoi READ MORE\" \/>\n<meta property=\"og:url\" content=\"https:\/\/christinehenrion.fr\/index.php\/politique-de-cookies\/\" \/>\n<meta property=\"article:modified_time\" content=\"2021-02-09T17:47:17+00:00\" \/>\n<meta name=\"twitter:card\" content=\"summary_large_image\" \/>\n<meta name=\"twitter:label1\" content=\"Dur\u00e9e de lecture est.\">\n\t<meta name=\"twitter:data1\" content=\"5 minutes\">\n<script type=\"application\/ld+json\" class=\"yoast-schema-graph\">{\"@context\":\"https:\/\/schema.org\",\"@graph\":[{\"@type\":\"WebSite\",\"@id\":\"https:\/\/christinehenrion.fr\/#website\",\"url\":\"https:\/\/christinehenrion.fr\/\",\"name\":\"\",\"description\":\"\",\"potentialAction\":[{\"@type\":\"SearchAction\",\"target\":\"https:\/\/christinehenrion.fr\/?s={search_term_string}\",\"query-input\":\"required name=search_term_string\"}],\"inLanguage\":\"fr-FR\"},{\"@type\":\"WebPage\",\"@id\":\"https:\/\/christinehenrion.fr\/index.php\/politique-de-cookies\/#webpage\",\"url\":\"https:\/\/christinehenrion.fr\/index.php\/politique-de-cookies\/\",\"name\":\"Politique de cookies -\",\"isPartOf\":{\"@id\":\"https:\/\/christinehenrion.fr\/#website\"},\"datePublished\":\"2021-02-09T17:34:13+00:00\",\"dateModified\":\"2021-02-09T17:47:17+00:00\",\"breadcrumb\":{\"@id\":\"https:\/\/christinehenrion.fr\/index.php\/politique-de-cookies\/#breadcrumb\"},\"inLanguage\":\"fr-FR\",\"potentialAction\":[{\"@type\":\"ReadAction\",\"target\":[\"https:\/\/christinehenrion.fr\/index.php\/politique-de-cookies\/\"]}]},{\"@type\":\"BreadcrumbList\",\"@id\":\"https:\/\/christinehenrion.fr\/index.php\/politique-de-cookies\/#breadcrumb\",\"itemListElement\":[{\"@type\":\"ListItem\",\"position\":1,\"item\":{\"@type\":\"WebPage\",\"@id\":\"https:\/\/christinehenrion.fr\/\",\"url\":\"https:\/\/christinehenrion.fr\/\",\"name\":\"Accueil\"}},{\"@type\":\"ListItem\",\"position\":2,\"item\":{\"@id\":\"https:\/\/christinehenrion.fr\/index.php\/politique-de-cookies\/#webpage\"}}]}]}<\/script>\n<!-- \/ Yoast SEO plugin. -->","_links":{"self":[{"href":"https:\/\/christinehenrion.fr\/index.php\/wp-json\/wp\/v2\/pages\/239"}],"collection":[{"href":"https:\/\/christinehenrion.fr\/index.php\/wp-json\/wp\/v2\/pages"}],"about":[{"href":"https:\/\/christinehenrion.fr\/index.php\/wp-json\/wp\/v2\/types\/page"}],"author":[{"embeddable":true,"href":"https:\/\/christinehenrion.fr\/index.php\/wp-json\/wp\/v2\/users\/1"}],"replies":[{"embeddable":true,"href":"https:\/\/christinehenrion.fr\/index.php\/wp-json\/wp\/v2\/comments?post=239"}],"version-history":[{"count":2,"href":"https:\/\/christinehenrion.fr\/index.php\/wp-json\/wp\/v2\/pages\/239\/revisions"}],"predecessor-version":[{"id":258,"href":"https:\/\/christinehenrion.fr\/index.php\/wp-json\/wp\/v2\/pages\/239\/revisions\/258"}],"wp:attachment":[{"href":"https:\/\/christinehenrion.fr\/index.php\/wp-json\/wp\/v2\/media?parent=239"}],"curies":[{"name":"wp","href":"https:\/\/api.w.org\/{rel}","templated":true}]}}