{"id":449,"date":"2021-04-22T17:14:53","date_gmt":"2021-04-22T15:14:53","guid":{"rendered":"https:\/\/naturessentielle.org\/?page_id=449"},"modified":"2021-07-13T16:03:44","modified_gmt":"2021-07-13T14:03:44","slug":"accueil","status":"publish","type":"page","link":"https:\/\/christinehenrion.fr\/","title":{"rendered":"Accueil"},"content":{"rendered":"<p><a href=\"https:\/\/www.medoucine.com\/consultation\/plaintel\/christine-henrion\/2426?utm_source=bouton-rdv&amp;utm_medium=pack-com&amp;utm_campaign=christine-henrion\"><img class=\"aligncenter\" src=\"https:\/\/cdn.medoucine.com\/pack-communication\/bouton2.png\" alt=\"Prendre RDV\" height=\"94\" \/><\/a><\/p>\n<p style=\"text-align: center\"><a href=\"https:\/\/www.doctolib.fr\/naturopathe\/plaintel\/christine-henrion\"><br \/>\n<button class=\"btnRdv\">Prendre rendez-vous sur Doctolib<\/button><br \/>\n<\/a><\/p>\n<p>&nbsp;<\/p>\n<p style=\"text-align: center\"><iframe  id=\"_ytid_98352\"  width=\"837\" height=\"471\"  data-origwidth=\"837\" data-origheight=\"471\"  src=\"https:\/\/www.youtube.com\/embed\/YuGDoiqPs-A?enablejsapi=1&autoplay=0&cc_load_policy=0&cc_lang_pref=&iv_load_policy=1&loop=0&modestbranding=0&rel=1&fs=1&playsinline=0&autohide=2&theme=dark&color=red&controls=1&\" class=\"__youtube_prefs__  no-lazyload\" title=\"YouTube player\"  allow=\"autoplay; encrypted-media\" allowfullscreen data-no-lazy=\"1\" data-skipgform_ajax_framebjll=\"\"><\/iframe><\/p>\n<p>&nbsp;<\/p>\n","protected":false},"excerpt":{"rendered":"<p>Prendre rendez-vous sur Doctolib &nbsp; &nbsp;<\/p>\n","protected":false},"author":1,"featured_media":0,"parent":0,"menu_order":0,"comment_status":"closed","ping_status":"closed","template":"","meta":[],"yoast_head":"<!-- This site is optimized with the Yoast SEO plugin v16.3 - https:\/\/yoast.com\/wordpress\/plugins\/seo\/ -->\n<title>Naturessentielle - Christine Henrion - Naturopathe R\u00e9flexologue<\/title>\n<meta name=\"description\" content=\"Je vous propose de vous accompagner dans vos d\u00e9marches d&#039;am\u00e9lioration d&#039;hygi\u00e8ne de vie et de bien-\u00eatre. Nature Essentielle\" \/>\n<meta name=\"robots\" content=\"index, follow, max-snippet:-1, max-image-preview:large, max-video-preview:-1\" \/>\n<link rel=\"canonical\" href=\"https:\/\/christinehenrion.fr\/\" \/>\n<meta property=\"og:locale\" content=\"fr_FR\" \/>\n<meta property=\"og:type\" content=\"article\" \/>\n<meta property=\"og:title\" content=\"Naturessentielle - Christine Henrion - Naturopathe R\u00e9flexologue\" \/>\n<meta property=\"og:description\" content=\"Je vous propose de vous accompagner dans vos d\u00e9marches d&#039;am\u00e9lioration d&#039;hygi\u00e8ne de vie et de bien-\u00eatre. Nature Essentielle\" \/>\n<meta property=\"og:url\" content=\"https:\/\/christinehenrion.fr\/\" \/>\n<meta property=\"article:modified_time\" content=\"2021-07-13T14:03:44+00:00\" \/>\n<meta property=\"og:image\" content=\"https:\/\/cdn.medoucine.com\/pack-communication\/bouton2.png\" \/>\n<meta name=\"twitter:card\" content=\"summary_large_image\" \/>\n<meta name=\"twitter:label1\" content=\"Dur\u00e9e de lecture est.\">\n\t<meta name=\"twitter:data1\" content=\"1 minute\">\n<script type=\"application\/ld+json\" class=\"yoast-schema-graph\">{\"@context\":\"https:\/\/schema.org\",\"@graph\":[{\"@type\":\"WebSite\",\"@id\":\"https:\/\/christinehenrion.fr\/#website\",\"url\":\"https:\/\/christinehenrion.fr\/\",\"name\":\"\",\"description\":\"\",\"potentialAction\":[{\"@type\":\"SearchAction\",\"target\":\"https:\/\/christinehenrion.fr\/?s={search_term_string}\",\"query-input\":\"required name=search_term_string\"}],\"inLanguage\":\"fr-FR\"},{\"@type\":\"ImageObject\",\"@id\":\"https:\/\/christinehenrion.fr\/#primaryimage\",\"inLanguage\":\"fr-FR\",\"url\":\"https:\/\/cdn.medoucine.com\/pack-communication\/bouton2.png\",\"contentUrl\":\"https:\/\/cdn.medoucine.com\/pack-communication\/bouton2.png\"},{\"@type\":\"WebPage\",\"@id\":\"https:\/\/christinehenrion.fr\/#webpage\",\"url\":\"https:\/\/christinehenrion.fr\/\",\"name\":\"Naturessentielle - Christine Henrion - Naturopathe R\\u00e9flexologue\",\"isPartOf\":{\"@id\":\"https:\/\/christinehenrion.fr\/#website\"},\"primaryImageOfPage\":{\"@id\":\"https:\/\/christinehenrion.fr\/#primaryimage\"},\"datePublished\":\"2021-04-22T15:14:53+00:00\",\"dateModified\":\"2021-07-13T14:03:44+00:00\",\"description\":\"Je vous propose de vous accompagner dans vos d\\u00e9marches d'am\\u00e9lioration d'hygi\\u00e8ne de vie et de bien-\\u00eatre. Nature Essentielle\",\"breadcrumb\":{\"@id\":\"https:\/\/christinehenrion.fr\/#breadcrumb\"},\"inLanguage\":\"fr-FR\",\"potentialAction\":[{\"@type\":\"ReadAction\",\"target\":[\"https:\/\/christinehenrion.fr\/\"]}]},{\"@type\":\"BreadcrumbList\",\"@id\":\"https:\/\/christinehenrion.fr\/#breadcrumb\",\"itemListElement\":[{\"@type\":\"ListItem\",\"position\":1,\"item\":{\"@type\":\"WebPage\",\"@id\":\"https:\/\/christinehenrion.fr\/\",\"url\":\"https:\/\/christinehenrion.fr\/\",\"name\":\"Accueil\"}},{\"@type\":\"ListItem\",\"position\":2,\"item\":{\"@id\":\"https:\/\/christinehenrion.fr\/#webpage\"}}]}]}<\/script>\n<!-- \/ Yoast SEO plugin. -->","_links":{"self":[{"href":"https:\/\/christinehenrion.fr\/index.php\/wp-json\/wp\/v2\/pages\/449"}],"collection":[{"href":"https:\/\/christinehenrion.fr\/index.php\/wp-json\/wp\/v2\/pages"}],"about":[{"href":"https:\/\/christinehenrion.fr\/index.php\/wp-json\/wp\/v2\/types\/page"}],"author":[{"embeddable":true,"href":"https:\/\/christinehenrion.fr\/index.php\/wp-json\/wp\/v2\/users\/1"}],"replies":[{"embeddable":true,"href":"https:\/\/christinehenrion.fr\/index.php\/wp-json\/wp\/v2\/comments?post=449"}],"version-history":[{"count":16,"href":"https:\/\/christinehenrion.fr\/index.php\/wp-json\/wp\/v2\/pages\/449\/revisions"}],"predecessor-version":[{"id":601,"href":"https:\/\/christinehenrion.fr\/index.php\/wp-json\/wp\/v2\/pages\/449\/revisions\/601"}],"wp:attachment":[{"href":"https:\/\/christinehenrion.fr\/index.php\/wp-json\/wp\/v2\/media?parent=449"}],"curies":[{"name":"wp","href":"https:\/\/api.w.org\/{rel}","templated":true}]}}